{"id":1089,"date":"2025-10-10T09:20:19","date_gmt":"2025-10-10T08:20:19","guid":{"rendered":"https:\/\/imaginacja.eu\/?page_id=1089"},"modified":"2026-03-20T13:07:19","modified_gmt":"2026-03-20T12:07:19","slug":"home","status":"publish","type":"page","link":"https:\/\/imaginacja.eu\/","title":{"rendered":"Home"},"content":{"rendered":"\n<div class=\"wp-block-group alignfull is-layout-flow wp-block-group-is-layout-flow\"><\/div>\n\n\n\n<div class=\"wp-block-group alignfull has-global-padding is-layout-constrained wp-block-group-is-layout-constrained\" style=\"margin-top:0;margin-bottom:0\">\n<div class=\"wp-block-columns alignwide is-layout-flex wp-container-core-columns-is-layout-65e523f9 wp-block-columns-is-layout-flex\">\n<div class=\"wp-block-column is-layout-flow wp-block-column-is-layout-flow\" style=\"flex-basis:66.66%\">\n<div class=\"wp-block-query is-layout-flow wp-block-query-is-layout-flow\"><ul class=\"wp-block-post-template is-layout-flow wp-block-post-template-is-layout-flow\"><li class=\"wp-block-post post-1493 post type-post status-publish format-standard has-post-thumbnail hentry category-design category-ux tag-dt tag-proces tag-projektowanie\">\n\n<div class=\"wp-block-group is-layout-flow wp-container-core-group-is-layout-81d5c4b5 wp-block-group-is-layout-flow\"><figure style=\"aspect-ratio:3\/2;\" class=\"wp-block-post-featured-image\"><a href=\"https:\/\/imaginacja.eu\/?p=1493\" target=\"_self\"  ><img fetchpriority=\"high\" decoding=\"async\" width=\"2560\" height=\"1878\" src=\"https:\/\/imaginacja.eu\/wp-content\/uploads\/2026\/03\/AdobeStock_370756602-scaled.jpeg\" class=\"attachment-post-thumbnail size-post-thumbnail wp-post-image\" alt=\"Gdy kreatywno\u015b\u0107 stoi w miejscu: jak my\u015blenie projektowe pomaga ruszy\u0107 dalej\u200b\" style=\"width:100%;height:100%;object-fit:cover;\" srcset=\"https:\/\/imaginacja.eu\/wp-content\/uploads\/2026\/03\/AdobeStock_370756602-scaled.jpeg 2560w, https:\/\/imaginacja.eu\/wp-content\/uploads\/2026\/03\/AdobeStock_370756602-300x220.jpeg 300w, https:\/\/imaginacja.eu\/wp-content\/uploads\/2026\/03\/AdobeStock_370756602-1024x751.jpeg 1024w, https:\/\/imaginacja.eu\/wp-content\/uploads\/2026\/03\/AdobeStock_370756602-768x563.jpeg 768w, https:\/\/imaginacja.eu\/wp-content\/uploads\/2026\/03\/AdobeStock_370756602-1536x1127.jpeg 1536w, https:\/\/imaginacja.eu\/wp-content\/uploads\/2026\/03\/AdobeStock_370756602-2048x1502.jpeg 2048w\" sizes=\"(max-width: 2560px) 100vw, 2560px\" \/><\/a><\/figure>\n\n<h2 class=\"wp-block-post-title\"><a href=\"https:\/\/imaginacja.eu\/?p=1493\" target=\"_self\" >Gdy kreatywno\u015b\u0107 stoi w miejscu: jak my\u015blenie projektowe pomaga ruszy\u0107 dalej\u200b<\/a><\/h2>\n\n<div style=\"font-style:normal;font-weight:300\" class=\"taxonomy-category has-link-color wp-elements-4e6ce56cceb66e9d685b10591d1fc02b wp-block-post-terms\"><a href=\"https:\/\/imaginacja.eu\/?cat=22\" rel=\"tag\">Design<\/a><span class=\"wp-block-post-terms__separator\">, <\/span><a href=\"https:\/\/imaginacja.eu\/?cat=53\" rel=\"tag\">UX<\/a><\/div>\n\n<\/div>\n\n<\/li><\/ul><\/div>\n<\/div>\n\n\n\n<div class=\"wp-block-column is-layout-flow wp-block-column-is-layout-flow\" style=\"flex-basis:33.33%\">\n<div class=\"wp-block-query is-layout-flow wp-block-query-is-layout-flow\"><ul class=\"wp-block-post-template is-layout-flow wp-block-post-template-is-layout-flow\"><li class=\"wp-block-post post-1373 post type-post status-publish format-standard has-post-thumbnail hentry category-typografia tag-czcionka tag-teoria tag-ui\">\n\n<div class=\"wp-block-group is-layout-flow wp-container-core-group-is-layout-81d5c4b5 wp-block-group-is-layout-flow\"><figure style=\"aspect-ratio:3\/4;\" class=\"wp-block-post-featured-image\"><a href=\"https:\/\/imaginacja.eu\/?p=1373\" target=\"_self\"  ><img decoding=\"async\" width=\"2500\" height=\"1667\" src=\"https:\/\/imaginacja.eu\/wp-content\/uploads\/2026\/02\/AdobeStock_371624012.jpg\" class=\"attachment-post-thumbnail size-post-thumbnail wp-post-image\" alt=\"Typografia w projektowaniu &#8211; przewodnik dla tw\u00f3rc\u00f3w cyfrowych\" style=\"width:100%;height:100%;object-fit:cover;\" srcset=\"https:\/\/imaginacja.eu\/wp-content\/uploads\/2026\/02\/AdobeStock_371624012.jpg 2500w, https:\/\/imaginacja.eu\/wp-content\/uploads\/2026\/02\/AdobeStock_371624012-300x200.jpg 300w, https:\/\/imaginacja.eu\/wp-content\/uploads\/2026\/02\/AdobeStock_371624012-1024x683.jpg 1024w, https:\/\/imaginacja.eu\/wp-content\/uploads\/2026\/02\/AdobeStock_371624012-768x512.jpg 768w, https:\/\/imaginacja.eu\/wp-content\/uploads\/2026\/02\/AdobeStock_371624012-1536x1024.jpg 1536w, https:\/\/imaginacja.eu\/wp-content\/uploads\/2026\/02\/AdobeStock_371624012-2048x1366.jpg 2048w\" sizes=\"(max-width: 2500px) 100vw, 2500px\" \/><\/a><\/figure>\n\n<h2 class=\"wp-block-post-title\"><a href=\"https:\/\/imaginacja.eu\/?p=1373\" target=\"_self\" >Typografia w projektowaniu &#8211; przewodnik dla tw\u00f3rc\u00f3w cyfrowych<\/a><\/h2>\n\n<div style=\"font-style:normal;font-weight:300\" class=\"taxonomy-category has-link-color wp-elements-4e6ce56cceb66e9d685b10591d1fc02b wp-block-post-terms\"><a href=\"https:\/\/imaginacja.eu\/?cat=20\" rel=\"tag\">Typografia<\/a><\/div>\n\n<\/div>\n\n<\/li><\/ul><\/div>\n<\/div>\n<\/div>\n\n\n\n<div style=\"height:var(--wp--preset--spacing--30)\" aria-hidden=\"true\" class=\"wp-block-spacer\"><\/div>\n<\/div>\n\n\n\n<div class=\"wp-block-group alignfull has-global-padding is-layout-constrained wp-block-group-is-layout-constrained\" style=\"margin-top:0;margin-bottom:0\">\n<div style=\"height:var(--wp--preset--spacing--30)\" aria-hidden=\"true\" class=\"wp-block-spacer\"><\/div>\n\n\n\n<div class=\"wp-block-query alignwide is-layout-flow wp-block-query-is-layout-flow\"><ul class=\"columns-3 wp-block-post-template is-layout-grid wp-container-core-post-template-is-layout-fa38c3f2 wp-block-post-template-is-layout-grid\"><li class=\"wp-block-post post-1453 post type-post status-publish format-standard has-post-thumbnail hentry category-typografia tag-alfabet tag-czcionka tag-druk tag-pismo tag-prasa\">\n\n<div class=\"wp-block-group is-layout-flow wp-container-core-group-is-layout-81d5c4b5 wp-block-group-is-layout-flow\"><figure style=\"aspect-ratio:3\/2;\" class=\"wp-block-post-featured-image\"><a href=\"https:\/\/imaginacja.eu\/?p=1453\" target=\"_self\"  ><img decoding=\"async\" width=\"2500\" height=\"1264\" src=\"https:\/\/imaginacja.eu\/wp-content\/uploads\/2026\/02\/AdobeStock_489506576.jpg\" class=\"attachment-post-thumbnail size-post-thumbnail wp-post-image\" alt=\"Historia typografii: od staro\u017cytno\u015bci do ery cyfrowej\" style=\"width:100%;height:100%;object-fit:cover;\" srcset=\"https:\/\/imaginacja.eu\/wp-content\/uploads\/2026\/02\/AdobeStock_489506576.jpg 2500w, https:\/\/imaginacja.eu\/wp-content\/uploads\/2026\/02\/AdobeStock_489506576-300x152.jpg 300w, https:\/\/imaginacja.eu\/wp-content\/uploads\/2026\/02\/AdobeStock_489506576-1024x518.jpg 1024w, https:\/\/imaginacja.eu\/wp-content\/uploads\/2026\/02\/AdobeStock_489506576-768x388.jpg 768w, https:\/\/imaginacja.eu\/wp-content\/uploads\/2026\/02\/AdobeStock_489506576-1536x777.jpg 1536w, https:\/\/imaginacja.eu\/wp-content\/uploads\/2026\/02\/AdobeStock_489506576-2048x1035.jpg 2048w\" sizes=\"(max-width: 2500px) 100vw, 2500px\" \/><\/a><\/figure>\n\n<h2 class=\"wp-block-post-title\"><a href=\"https:\/\/imaginacja.eu\/?p=1453\" target=\"_self\" >Historia typografii: od staro\u017cytno\u015bci do ery cyfrowej<\/a><\/h2>\n\n<div style=\"font-style:normal;font-weight:300\" class=\"taxonomy-category has-link-color wp-elements-4e6ce56cceb66e9d685b10591d1fc02b wp-block-post-terms\"><a href=\"https:\/\/imaginacja.eu\/?cat=20\" rel=\"tag\">Typografia<\/a><\/div>\n\n<\/div>\n\n<\/li><li class=\"wp-block-post post-1361 post type-post status-publish format-standard has-post-thumbnail hentry category-design category-ui tag-kolor tag-teoria\">\n\n<div class=\"wp-block-group is-layout-flow wp-container-core-group-is-layout-81d5c4b5 wp-block-group-is-layout-flow\"><figure style=\"aspect-ratio:3\/2;\" class=\"wp-block-post-featured-image\"><a href=\"https:\/\/imaginacja.eu\/?p=1361\" target=\"_self\"  ><img loading=\"lazy\" decoding=\"async\" width=\"2500\" height=\"1667\" src=\"https:\/\/imaginacja.eu\/wp-content\/uploads\/2026\/01\/AdobeStock_680369515.jpg\" class=\"attachment-post-thumbnail size-post-thumbnail wp-post-image\" alt=\"Kolory w UI &#8211; od teorii do przycisk\u00f3w i t\u0142a\" style=\"width:100%;height:100%;object-fit:cover;\" srcset=\"https:\/\/imaginacja.eu\/wp-content\/uploads\/2026\/01\/AdobeStock_680369515.jpg 2500w, https:\/\/imaginacja.eu\/wp-content\/uploads\/2026\/01\/AdobeStock_680369515-300x200.jpg 300w, https:\/\/imaginacja.eu\/wp-content\/uploads\/2026\/01\/AdobeStock_680369515-1024x683.jpg 1024w, https:\/\/imaginacja.eu\/wp-content\/uploads\/2026\/01\/AdobeStock_680369515-768x512.jpg 768w, https:\/\/imaginacja.eu\/wp-content\/uploads\/2026\/01\/AdobeStock_680369515-1536x1024.jpg 1536w, https:\/\/imaginacja.eu\/wp-content\/uploads\/2026\/01\/AdobeStock_680369515-2048x1366.jpg 2048w\" sizes=\"(max-width: 2500px) 100vw, 2500px\" \/><\/a><\/figure>\n\n<h2 class=\"wp-block-post-title\"><a href=\"https:\/\/imaginacja.eu\/?p=1361\" target=\"_self\" >Kolory w UI &#8211; od teorii do przycisk\u00f3w i t\u0142a<\/a><\/h2>\n\n<div style=\"font-style:normal;font-weight:300\" class=\"taxonomy-category has-link-color wp-elements-4e6ce56cceb66e9d685b10591d1fc02b wp-block-post-terms\"><a href=\"https:\/\/imaginacja.eu\/?cat=22\" rel=\"tag\">Design<\/a><span class=\"wp-block-post-terms__separator\">, <\/span><a href=\"https:\/\/imaginacja.eu\/?cat=19\" rel=\"tag\">UI<\/a><\/div>\n\n<\/div>\n\n<\/li><li class=\"wp-block-post post-1344 post type-post status-publish format-standard has-post-thumbnail hentry category-design category-fotografia category-ui tag-kolor tag-schemat tag-teoria\">\n\n<div class=\"wp-block-group is-layout-flow wp-container-core-group-is-layout-81d5c4b5 wp-block-group-is-layout-flow\"><figure style=\"aspect-ratio:3\/2;\" class=\"wp-block-post-featured-image\"><a href=\"https:\/\/imaginacja.eu\/?p=1344\" target=\"_self\"  ><img loading=\"lazy\" decoding=\"async\" width=\"1024\" height=\"768\" src=\"https:\/\/imaginacja.eu\/wp-content\/uploads\/2026\/01\/image-2.png\" class=\"attachment-post-thumbnail size-post-thumbnail wp-post-image\" alt=\"Harmonia barw: jak dobra\u0107 kolory, kt\u00f3re \u201egraj\u0105\u201d\" style=\"width:100%;height:100%;object-fit:cover;\" srcset=\"https:\/\/imaginacja.eu\/wp-content\/uploads\/2026\/01\/image-2.png 1024w, https:\/\/imaginacja.eu\/wp-content\/uploads\/2026\/01\/image-2-300x225.png 300w, https:\/\/imaginacja.eu\/wp-content\/uploads\/2026\/01\/image-2-768x576.png 768w\" sizes=\"(max-width: 1024px) 100vw, 1024px\" \/><\/a><\/figure>\n\n<h2 class=\"wp-block-post-title\"><a href=\"https:\/\/imaginacja.eu\/?p=1344\" target=\"_self\" >Harmonia barw: jak dobra\u0107 kolory, kt\u00f3re \u201egraj\u0105\u201d<\/a><\/h2>\n\n<div style=\"font-style:normal;font-weight:300\" class=\"taxonomy-category has-link-color wp-elements-4e6ce56cceb66e9d685b10591d1fc02b wp-block-post-terms\"><a href=\"https:\/\/imaginacja.eu\/?cat=22\" rel=\"tag\">Design<\/a><span class=\"wp-block-post-terms__separator\">, <\/span><a href=\"https:\/\/imaginacja.eu\/?cat=21\" rel=\"tag\">Fotografia<\/a><span class=\"wp-block-post-terms__separator\">, <\/span><a href=\"https:\/\/imaginacja.eu\/?cat=19\" rel=\"tag\">UI<\/a><\/div>\n\n<\/div>\n\n<\/li><\/ul><\/div>\n\n\n\n<div style=\"height:var(--wp--preset--spacing--30)\" aria-hidden=\"true\" class=\"wp-block-spacer\"><\/div>\n<\/div>\n\n\n\n<div class=\"wp-block-group alignfull has-global-padding is-layout-constrained wp-block-group-is-layout-constrained\" style=\"margin-top:0;margin-bottom:0\">\n<div style=\"height:var(--wp--preset--spacing--30)\" aria-hidden=\"true\" class=\"wp-block-spacer\"><\/div>\n\n\n\n<div class=\"wp-block-columns alignwide is-layout-flex wp-container-core-columns-is-layout-65e523f9 wp-block-columns-is-layout-flex\">\n<div class=\"wp-block-column is-layout-flow wp-block-column-is-layout-flow\" style=\"flex-basis:33.33%\">\n<div class=\"wp-block-query is-layout-flow wp-block-query-is-layout-flow\"><ul class=\"wp-block-post-template is-layout-flow wp-block-post-template-is-layout-flow\"><li class=\"wp-block-post post-1340 post type-post status-publish format-standard has-post-thumbnail hentry category-design category-fotografia category-ui tag-kolor tag-zastosowanie\">\n\n<div class=\"wp-block-group is-layout-flow wp-container-core-group-is-layout-81d5c4b5 wp-block-group-is-layout-flow\"><figure style=\"aspect-ratio:3\/4;\" class=\"wp-block-post-featured-image\"><a href=\"https:\/\/imaginacja.eu\/?p=1340\" target=\"_self\"  ><img loading=\"lazy\" decoding=\"async\" width=\"2500\" height=\"1667\" src=\"https:\/\/imaginacja.eu\/wp-content\/uploads\/2026\/01\/AdobeStock_701895229.jpg\" class=\"attachment-post-thumbnail size-post-thumbnail wp-post-image\" alt=\"Psychologia barw: z czym kojarzy si\u0119 dany kolor\" style=\"width:100%;height:100%;object-fit:cover;\" srcset=\"https:\/\/imaginacja.eu\/wp-content\/uploads\/2026\/01\/AdobeStock_701895229.jpg 2500w, https:\/\/imaginacja.eu\/wp-content\/uploads\/2026\/01\/AdobeStock_701895229-300x200.jpg 300w, https:\/\/imaginacja.eu\/wp-content\/uploads\/2026\/01\/AdobeStock_701895229-1024x683.jpg 1024w, https:\/\/imaginacja.eu\/wp-content\/uploads\/2026\/01\/AdobeStock_701895229-768x512.jpg 768w, https:\/\/imaginacja.eu\/wp-content\/uploads\/2026\/01\/AdobeStock_701895229-1536x1024.jpg 1536w, https:\/\/imaginacja.eu\/wp-content\/uploads\/2026\/01\/AdobeStock_701895229-2048x1366.jpg 2048w\" sizes=\"(max-width: 2500px) 100vw, 2500px\" \/><\/a><\/figure>\n\n<h2 class=\"wp-block-post-title\"><a href=\"https:\/\/imaginacja.eu\/?p=1340\" target=\"_self\" >Psychologia barw: z czym kojarzy si\u0119 dany kolor<\/a><\/h2>\n\n<div style=\"font-style:normal;font-weight:300\" class=\"taxonomy-category has-link-color wp-elements-4e6ce56cceb66e9d685b10591d1fc02b wp-block-post-terms\"><a href=\"https:\/\/imaginacja.eu\/?cat=22\" rel=\"tag\">Design<\/a><span class=\"wp-block-post-terms__separator\">, <\/span><a href=\"https:\/\/imaginacja.eu\/?cat=21\" rel=\"tag\">Fotografia<\/a><span class=\"wp-block-post-terms__separator\">, <\/span><a href=\"https:\/\/imaginacja.eu\/?cat=19\" rel=\"tag\">UI<\/a><\/div>\n\n<\/div>\n\n<\/li><\/ul><\/div>\n<\/div>\n\n\n\n<div class=\"wp-block-column is-layout-flow wp-block-column-is-layout-flow\" style=\"flex-basis:66.66%\">\n<div class=\"wp-block-query is-layout-flow wp-block-query-is-layout-flow\"><ul class=\"wp-block-post-template is-layout-flow wp-block-post-template-is-layout-flow\"><li class=\"wp-block-post post-1331 post type-post status-publish format-standard has-post-thumbnail hentry category-design category-dtp category-ui tag-design tag-grafika tag-kolor tag-teoria\">\n\n<div class=\"wp-block-group is-layout-flow wp-container-core-group-is-layout-81d5c4b5 wp-block-group-is-layout-flow\"><figure style=\"aspect-ratio:3\/2;\" class=\"wp-block-post-featured-image\"><a href=\"https:\/\/imaginacja.eu\/?p=1331\" target=\"_self\"  ><img loading=\"lazy\" decoding=\"async\" width=\"2500\" height=\"1667\" src=\"https:\/\/imaginacja.eu\/wp-content\/uploads\/2026\/01\/AdobeStock_232902802.jpg\" class=\"attachment-post-thumbnail size-post-thumbnail wp-post-image\" alt=\"Fundamenty teorii kolor\u00f3w w designie\" style=\"width:100%;height:100%;object-fit:cover;\" srcset=\"https:\/\/imaginacja.eu\/wp-content\/uploads\/2026\/01\/AdobeStock_232902802.jpg 2500w, https:\/\/imaginacja.eu\/wp-content\/uploads\/2026\/01\/AdobeStock_232902802-300x200.jpg 300w, https:\/\/imaginacja.eu\/wp-content\/uploads\/2026\/01\/AdobeStock_232902802-1024x683.jpg 1024w, https:\/\/imaginacja.eu\/wp-content\/uploads\/2026\/01\/AdobeStock_232902802-768x512.jpg 768w, https:\/\/imaginacja.eu\/wp-content\/uploads\/2026\/01\/AdobeStock_232902802-1536x1024.jpg 1536w, https:\/\/imaginacja.eu\/wp-content\/uploads\/2026\/01\/AdobeStock_232902802-2048x1366.jpg 2048w\" sizes=\"(max-width: 2500px) 100vw, 2500px\" \/><\/a><\/figure>\n\n<h2 class=\"wp-block-post-title\"><a href=\"https:\/\/imaginacja.eu\/?p=1331\" target=\"_self\" >Fundamenty teorii kolor\u00f3w w designie<\/a><\/h2>\n\n<div style=\"font-style:normal;font-weight:300\" class=\"taxonomy-category has-link-color wp-elements-4e6ce56cceb66e9d685b10591d1fc02b wp-block-post-terms\"><a href=\"https:\/\/imaginacja.eu\/?cat=22\" rel=\"tag\">Design<\/a><span class=\"wp-block-post-terms__separator\">, <\/span><a href=\"https:\/\/imaginacja.eu\/?cat=23\" rel=\"tag\">DTP<\/a><span class=\"wp-block-post-terms__separator\">, <\/span><a href=\"https:\/\/imaginacja.eu\/?cat=19\" rel=\"tag\">UI<\/a><\/div>\n\n<\/div>\n\n<\/li><\/ul><\/div>\n<\/div>\n<\/div>\n<\/div>\n\n\n\n<p><\/p>\n","protected":false},"excerpt":{"rendered":"","protected":false},"author":1,"featured_media":0,"parent":0,"menu_order":0,"comment_status":"closed","ping_status":"closed","template":"","meta":{"inline_featured_image":false,"_kadence_starter_templates_imported_post":false,"footnotes":""},"class_list":["post-1089","page","type-page","status-publish","hentry"],"jetpack_sharing_enabled":true,"jetpack-related-posts":[],"_links":{"self":[{"href":"https:\/\/imaginacja.eu\/index.php?rest_route=\/wp\/v2\/pages\/1089","targetHints":{"allow":["GET"]}}],"collection":[{"href":"https:\/\/imaginacja.eu\/index.php?rest_route=\/wp\/v2\/pages"}],"about":[{"href":"https:\/\/imaginacja.eu\/index.php?rest_route=\/wp\/v2\/types\/page"}],"author":[{"embeddable":true,"href":"https:\/\/imaginacja.eu\/index.php?rest_route=\/wp\/v2\/users\/1"}],"replies":[{"embeddable":true,"href":"https:\/\/imaginacja.eu\/index.php?rest_route=%2Fwp%2Fv2%2Fcomments&post=1089"}],"version-history":[{"count":18,"href":"https:\/\/imaginacja.eu\/index.php?rest_route=\/wp\/v2\/pages\/1089\/revisions"}],"predecessor-version":[{"id":1529,"href":"https:\/\/imaginacja.eu\/index.php?rest_route=\/wp\/v2\/pages\/1089\/revisions\/1529"}],"wp:attachment":[{"href":"https:\/\/imaginacja.eu\/index.php?rest_route=%2Fwp%2Fv2%2Fmedia&parent=1089"}],"curies":[{"name":"wp","href":"https:\/\/api.w.org\/{rel}","templated":true}]}}